{"id":24,"date":"2024-06-06T06:38:19","date_gmt":"2024-06-06T06:38:19","guid":{"rendered":"https:\/\/castlemx.dd.catchdrive.dev\/?page_id=24"},"modified":"2024-06-24T20:54:04","modified_gmt":"2024-06-24T20:54:04","slug":"home","status":"publish","type":"page","link":"https:\/\/castlemx.dd.catchdrive.dev\/","title":{"rendered":"Home"},"content":{"rendered":"<p>[et_pb_section fb_built=\u00bb1&#8243; custom_padding_last_edited=\u00bbon|phone\u00bb _builder_version=\u00bb4.25.1&#8243; _module_preset=\u00bbdefault\u00bb background_enable_color=\u00bboff\u00bb use_background_color_gradient=\u00bbon\u00bb background_color_gradient_direction=\u00bb90deg\u00bb background_color_gradient_stops=\u00bb#2ad680 0%|#aaaaaa 49%|#e02b20 100%\u00bb background_image=\u00bbhttps:\/\/castlemx.dd.catchdrive.dev\/wp-content\/uploads\/2024\/06\/AdobeStock_359564110-scaled.jpeg\u00bb background_blend=\u00bbmultiply\u00bb positioning=\u00bbnone\u00bb min_height=\u00bb500px\u00bb custom_padding=\u00bb|10vw||10vw|false|false\u00bb custom_padding_tablet=\u00bb|10vw||10vw|false|false\u00bb custom_padding_phone=\u00bb|10vw||10vw|false|false\u00bb custom_css_main_element=\u00bbdisplay: flex;||flex-direction: row!important;||align-items: flex-start!important;||justify-content: flex-start!important;\u00bb global_colors_info=\u00bb{}\u00bb][et_pb_row _builder_version=\u00bb4.25.1&#8243; _module_preset=\u00bbdefault\u00bb background_enable_color=\u00bboff\u00bb width=\u00bb65%\u00bb width_tablet=\u00bb65%\u00bb width_phone=\u00bb100%\u00bb width_last_edited=\u00bbon|phone\u00bb global_colors_info=\u00bb{}\u00bb][et_pb_column type=\u00bb4_4&#8243; _builder_version=\u00bb4.25.1&#8243; _module_preset=\u00bbdefault\u00bb global_colors_info=\u00bb{}\u00bb][et_pb_text _builder_version=\u00bb4.25.1&#8243; _module_preset=\u00bbdefault\u00bb header_font=\u00bb|700|||||||\u00bb header_text_align=\u00bbcenter\u00bb header_text_color=\u00bb#ffffff\u00bb header_font_size=\u00bb45px\u00bb global_colors_info=\u00bb{}\u00bb]<\/p>\n<h1><span>Descubre un mejor abastecimiento de aluminio con Castle Metals de M\u00e9xico<\/span><\/h1>\n<p>[\/et_pb_text][\/et_pb_column][\/et_pb_row][\/et_pb_section][et_pb_section fb_built=\u00bb1&#8243; _builder_version=\u00bb4.25.1&#8243; _module_preset=\u00bbdefault\u00bb global_colors_info=\u00bb{}\u00bb][et_pb_row column_structure=\u00bb1_3,2_3&#8243; _builder_version=\u00bb4.25.1&#8243; _module_preset=\u00bbdefault\u00bb custom_css_main_element=\u00bbdisplay: flex;||align-items: center;\u00bb global_colors_info=\u00bb{}\u00bb custom_css_main_element_last_edited=\u00bbon|phone\u00bb custom_css_main_element_phone=\u00bbdisplay: flex;||flex-direction: column;\u00bb custom_css_main_element_tablet=\u00bbdisplay: flex;||align-items: center;\u00bb][et_pb_column type=\u00bb1_3&#8243; _builder_version=\u00bb4.25.1&#8243; _module_preset=\u00bbdefault\u00bb global_colors_info=\u00bb{}\u00bb][et_pb_image src=\u00bbhttps:\/\/castlemx.dd.catchdrive.dev\/wp-content\/uploads\/2024\/06\/construction-rod-2023-11-27-05-36-17-utc-scaled.jpg\u00bb title_text=\u00bbConstruction Rod\u00bb _builder_version=\u00bb4.25.1&#8243; _module_preset=\u00bbdefault\u00bb width=\u00bb100%\u00bb global_colors_info=\u00bb{}\u00bb][\/et_pb_image][\/et_pb_column][et_pb_column type=\u00bb2_3&#8243; _builder_version=\u00bb4.25.1&#8243; _module_preset=\u00bbdefault\u00bb global_colors_info=\u00bb{}\u00bb][et_pb_heading title=\u00bbACERCA DE CASTLE METALS\u00bb _builder_version=\u00bb4.25.1&#8243; _module_preset=\u00bbdefault\u00bb title_font=\u00bbAbel|700|||||||\u00bb title_font_size=\u00bb3rem\u00bb title_text_shadow_style=\u00bbpreset2&#8243; title_text_shadow_color=\u00bbrgba(0,0,0,0.17)\u00bb global_colors_info=\u00bb{}\u00bb][\/et_pb_heading][et_pb_text _builder_version=\u00bb4.25.1&#8243; _module_preset=\u00bbdefault\u00bb text_font=\u00bb&#8211;et_global_body_font||||||||\u00bb text_font_size=\u00bb1rem\u00bb global_colors_info=\u00bb{}\u00bb]<\/p>\n<p>Somos un distribuidor y centro de servicio de metales con alcance global y presencia en M\u00e9xico, con plantas estrat\u00e9gicas en Monterrey, Quer\u00e9taro, Mexicali y Chihuahua. Trabajamos estrechamente con molinos americanos de renombre como Kaiser, Arconic y Constellium, con los que ofrecemos una amplia variedad de grados de aluminio, incluyendo el 2024 T3, 5052 H32, 6061 T651, 3003 H14 y 7075 T351. Adem\u00e1s del aluminio, tambi\u00e9n manejamos otros metales como acero inoxidable y aceros especiales.<\/p>\n<p>Nuestros clientes pueden contar con nuestra respuesta proactiva a los cambios en las pol\u00edticas comerciales, como los aranceles al aluminio, asegurando siempre precios competitivos y suministros confiables. Como proveedores de aluminio en M\u00e9xico, comprendemos la importancia de adaptarnos a los mercados locales y ofrecer productos que cumplen con las m\u00e1s altas expectativas de calidad y eficiencia.<\/p>\n<p>[\/et_pb_text][\/et_pb_column][\/et_pb_row][\/et_pb_section][et_pb_section fb_built=\u00bb1&#8243; _builder_version=\u00bb4.25.1&#8243; _module_preset=\u00bbdefault\u00bb use_background_color_gradient=\u00bbon\u00bb background_color_gradient_direction=\u00bb90deg\u00bb background_color_gradient_stops=\u00bb#0057b8 0%|#0049a3 100%\u00bb background_enable_image=\u00bboff\u00bb background_blend=\u00bbsoft-light\u00bb background_enable_pattern_style=\u00bbon\u00bb background_pattern_style=\u00bbcubes\u00bb background_pattern_color=\u00bbrgba(0,0,0,0.13)\u00bb global_colors_info=\u00bb{}\u00bb][et_pb_row column_structure=\u00bb1_3,2_3&#8243; _builder_version=\u00bb4.25.1&#8243; _module_preset=\u00bbdefault\u00bb custom_css_main_element=\u00bbdisplay: flex;||align-items: center;\u00bb global_colors_info=\u00bb{}\u00bb custom_css_main_element_last_edited=\u00bbon|phone\u00bb custom_css_main_element_phone=\u00bbdisplay: flex;||flex-direction: column;\u00bb custom_css_main_element_tablet=\u00bbdisplay: flex;||align-items: center;\u00bb][et_pb_column type=\u00bb1_3&#8243; _builder_version=\u00bb4.25.1&#8243; _module_preset=\u00bbdefault\u00bb global_colors_info=\u00bb{}\u00bb][et_pb_image src=\u00bbhttps:\/\/castlemx.dd.catchdrive.dev\/wp-content\/uploads\/2024\/06\/round-metal-long-blanks-metal-blanks-metal-wareh-2024-05-23-19-31-28-utc-scaled.jpg\u00bb title_text=\u00bbRound metal long blanks, metal blanks, metal warehouse.\u00bb _builder_version=\u00bb4.25.1&#8243; _module_preset=\u00bbdefault\u00bb width=\u00bb100%\u00bb global_colors_info=\u00bb{}\u00bb][\/et_pb_image][\/et_pb_column][et_pb_column type=\u00bb2_3&#8243; _builder_version=\u00bb4.25.1&#8243; _module_preset=\u00bbdefault\u00bb global_colors_info=\u00bb{}\u00bb][et_pb_heading title=\u00bbCASTLE METALS M\u00c9XICO\u00bb _builder_version=\u00bb4.25.1&#8243; _module_preset=\u00bbdefault\u00bb title_font=\u00bbAbel|700|||||||\u00bb title_text_color=\u00bb#FFFFFF\u00bb title_font_size=\u00bb3rem\u00bb title_text_shadow_style=\u00bbpreset2&#8243; global_colors_info=\u00bb{}\u00bb][\/et_pb_heading][et_pb_text _builder_version=\u00bb4.25.1&#8243; _module_preset=\u00bbdefault\u00bb text_font=\u00bb&#8211;et_global_body_font||||||||\u00bb text_text_color=\u00bb#FFFFFF\u00bb text_font_size=\u00bb1rem\u00bb global_colors_info=\u00bb{}\u00bb]Elegir un proveedor local como Castle Metals M\u00e9xico tiene ventajas evidentes:<br \/>\n<\/br><\/p>\n<ul>\n<li>Reducci\u00f3n de inventario: Evita almacenar grandes vol\u00famenes de materiales como l\u00e1minas y bobinas de aluminio. Nosotros gestionamos el inventario y realizamos entregas programadas.<\/li>\n<p><\/br><\/p>\n<li>Mejora en el flujo de efectivo: A diferencia de muchos proveedores internacionales afectados por los aranceles del aluminio, nosotros ofrecemos condiciones de cr\u00e9dito competitivas que facilitan la gesti\u00f3n financiera de tu empresa.<\/li>\n<\/ul>\n<p>[\/et_pb_text][\/et_pb_column][\/et_pb_row][\/et_pb_section][et_pb_section fb_built=\u00bb1&#8243; _builder_version=\u00bb4.25.1&#8243; _module_preset=\u00bbdefault\u00bb background_color=\u00bb#ff8200&#8243; use_background_color_gradient=\u00bbon\u00bb background_color_gradient_direction=\u00bb286deg\u00bb background_color_gradient_stops=\u00bb#f98a39 0%|#f96800 100%\u00bb background_image=\u00bbhttps:\/\/castlemx.dd.catchdrive.dev\/wp-content\/uploads\/2024\/06\/castle.png\u00bb global_colors_info=\u00bb{}\u00bb][et_pb_row make_equal=\u00bbon\u00bb _builder_version=\u00bb4.25.1&#8243; _module_preset=\u00bbdefault\u00bb global_colors_info=\u00bb{}\u00bb][et_pb_column type=\u00bb4_4&#8243; _builder_version=\u00bb4.25.1&#8243; _module_preset=\u00bbdefault\u00bb global_colors_info=\u00bb{}\u00bb][et_pb_heading title=\u00bbIndustria Medica, Automotriz, Energ\u00eda &#038; Tecnolog\u00eda\u00bb _builder_version=\u00bb4.25.1&#8243; _module_preset=\u00bbdefault\u00bb title_font=\u00bbAbel|700||on|||||\u00bb title_text_align=\u00bbcenter\u00bb title_text_color=\u00bb#FFFFFF\u00bb title_font_size=\u00bb3rem\u00bb hover_enabled=\u00bb0&#8243; title_text_shadow_style=\u00bbpreset2&#8243; global_colors_info=\u00bb{}\u00bb sticky_enabled=\u00bb0&#8243;][\/et_pb_heading][\/et_pb_column][\/et_pb_row][et_pb_row column_structure=\u00bb1_2,1_2&#8243; make_equal=\u00bbon\u00bb _builder_version=\u00bb4.25.1&#8243; _module_preset=\u00bbdefault\u00bb custom_padding=\u00bb0px|||||\u00bb global_colors_info=\u00bb{}\u00bb][et_pb_column type=\u00bb1_2&#8243; _builder_version=\u00bb4.25.1&#8243; _module_preset=\u00bbdefault\u00bb global_colors_info=\u00bb{}\u00bb][et_pb_blurb title=\u00bbM\u00c9DICO\u00bb image=\u00bbhttps:\/\/castlemx.dd.catchdrive.dev\/wp-content\/uploads\/2024\/06\/AdobeStock_705799236-2-scaled.jpg\u00bb _builder_version=\u00bb4.25.1&#8243; _module_preset=\u00bbdefault\u00bb header_font=\u00bbAbel|700|||||||\u00bb header_text_align=\u00bbcenter\u00bb header_font_size=\u00bb2rem\u00bb body_font=\u00bb&#8211;et_global_body_font||||||||\u00bb body_font_size=\u00bb0.9rem\u00bb background_layout=\u00bbdark\u00bb header_text_shadow_style=\u00bbpreset2&#8243; global_colors_info=\u00bb{}\u00bb]<\/p>\n<p>En Castle Metals de M\u00e9xico, nos enorgullecemos de servir a la industria m\u00e9dica con productos de aluminio de alta calidad. Proveemos materiales para reemplazos articulares grandes, extremidades, traumatolog\u00eda, columna vertebral, medicina deportiva e implantes dentales. Nuestro aluminio es esencial para la creaci\u00f3n de dispositivos m\u00e9dicos avanzados y equipos que mejoran la calidad de vida de los pacientes. Ofrecemos soluciones que cumplen con los m\u00e1s altos est\u00e1ndares de calidad y biocompatibilidad, apoyando el desarrollo de tecnolog\u00edas innovadoras y tratamientos efectivos. Castle Metals de M\u00e9xico est\u00e1 comprometido a marcar la diferencia en la industria m\u00e9dica.<\/p>\n<p>[\/et_pb_blurb][\/et_pb_column][et_pb_column type=\u00bb1_2&#8243; _builder_version=\u00bb4.25.1&#8243; _module_preset=\u00bbdefault\u00bb global_colors_info=\u00bb{}\u00bb][et_pb_blurb title=\u00bbTECNOLOG\u00cdA\u00bb image=\u00bbhttps:\/\/castlemx.dd.catchdrive.dev\/wp-content\/uploads\/2024\/06\/AdobeStock_119913056-scaled.jpg\u00bb _builder_version=\u00bb4.25.1&#8243; _module_preset=\u00bbdefault\u00bb header_font=\u00bbAbel|700|||||||\u00bb header_text_align=\u00bbcenter\u00bb header_font_size=\u00bb2rem\u00bb body_font=\u00bb&#8211;et_global_body_font||||||||\u00bb body_font_size=\u00bb0.9rem\u00bb background_layout=\u00bbdark\u00bb header_text_shadow_style=\u00bbpreset2&#8243; global_colors_info=\u00bb{}\u00bb]<\/p>\n<p>En Castle Metals de M\u00e9xico, proporcionamos productos de aluminio de alta calidad a la industria tecnol\u00f3gica. Nuestro aluminio es esencial para la fabricaci\u00f3n de componentes m\u00e9dicos, centros de datos, racks y torres de servidores. Ofrecemos materiales que combinan ligereza, durabilidad y conductividad, mejorando el rendimiento y la eficiencia de estos productos. Con un enfoque en la innovaci\u00f3n y la calidad, apoyamos el desarrollo de tecnolog\u00edas avanzadas que impulsan el progreso y la conectividad. Castle Metals de M\u00e9xico es su socio confiable para soluciones de aluminio que cumplen con los m\u00e1s altos est\u00e1ndares de la industria tecnol\u00f3gica.<\/p>\n<p>[\/et_pb_blurb][\/et_pb_column][\/et_pb_row][et_pb_row column_structure=\u00bb1_2,1_2&#8243; make_equal=\u00bbon\u00bb _builder_version=\u00bb4.25.1&#8243; _module_preset=\u00bbdefault\u00bb global_colors_info=\u00bb{}\u00bb][et_pb_column type=\u00bb1_2&#8243; _builder_version=\u00bb4.25.1&#8243; _module_preset=\u00bbdefault\u00bb global_colors_info=\u00bb{}\u00bb][et_pb_blurb title=\u00bbAUTOMOTRIZ\u00bb image=\u00bbhttps:\/\/castlemx.dd.catchdrive.dev\/wp-content\/uploads\/2024\/06\/AdobeStock_627340543-1-scaled.jpg\u00bb _builder_version=\u00bb4.25.1&#8243; _module_preset=\u00bbdefault\u00bb header_font=\u00bbAbel|700|||||||\u00bb header_text_align=\u00bbcenter\u00bb header_font_size=\u00bb2rem\u00bb body_font=\u00bb&#8211;et_global_body_font||||||||\u00bb body_font_size=\u00bb0.9rem\u00bb background_layout=\u00bbdark\u00bb header_text_shadow_style=\u00bbpreset2&#8243; global_colors_info=\u00bb{}\u00bb]<\/p>\n<p>En Castle Metals de M\u00e9xico, nos especializamos en proporcionar productos de aluminio de alta calidad para la industria automotriz. Nuestro aluminio es esencial en la fabricaci\u00f3n de interiores automotrices, transmisiones de autom\u00f3viles, engranajes automotrices y bater\u00edas de autos el\u00e9ctricos (EV). Proveemos materiales que ofrecen durabilidad, ligereza y eficiencia, mejorando el rendimiento y la seguridad de los veh\u00edculos. Con un compromiso firme con la innovaci\u00f3n y la calidad, Castle Metals de M\u00e9xico apoya a la industria automotriz en la creaci\u00f3n de soluciones avanzadas que cumplen con los m\u00e1s altos est\u00e1ndares del mercado.<\/p>\n<p>[\/et_pb_blurb][\/et_pb_column][et_pb_column type=\u00bb1_2&#8243; _builder_version=\u00bb4.25.1&#8243; _module_preset=\u00bbdefault\u00bb global_colors_info=\u00bb{}\u00bb][et_pb_blurb title=\u00bbENERG\u00cdA\u00bb image=\u00bbhttps:\/\/castlemx.dd.catchdrive.dev\/wp-content\/uploads\/2024\/06\/AdobeStock_46633380-scaled.jpg\u00bb _builder_version=\u00bb4.25.1&#8243; _module_preset=\u00bbdefault\u00bb header_font=\u00bbAbel|700|||||||\u00bb header_text_align=\u00bbcenter\u00bb header_font_size=\u00bb2rem\u00bb body_font=\u00bb&#8211;et_global_body_font||||||||\u00bb body_font_size=\u00bb0.9rem\u00bb background_layout=\u00bbdark\u00bb header_text_shadow_style=\u00bbpreset2&#8243; global_colors_info=\u00bb{}\u00bb]<\/p>\n<p>En Castle Metals de M\u00e9xico, nos enorgullecemos de proveer productos de aluminio de alta calidad para la industria energ\u00e9tica. Nuestro aluminio es fundamental en aplicaciones de energ\u00eda solar, petr\u00f3leo y gas, energ\u00eda renovable y energ\u00eda nuclear. Ofrecemos soluciones duraderas y eficientes que soportan condiciones extremas y mejoran la eficiencia operativa. Con un fuerte compromiso con la innovaci\u00f3n y la sostenibilidad, apoyamos a la industria energ\u00e9tica en la creaci\u00f3n de tecnolog\u00edas avanzadas que promueven un futuro m\u00e1s limpio y eficiente. Castle Metals de M\u00e9xico es su aliado confiable para materiales que cumplen con los m\u00e1s altos est\u00e1ndares del sector energ\u00e9tico.<\/p>\n<p>[\/et_pb_blurb][\/et_pb_column][\/et_pb_row][\/et_pb_section][et_pb_section fb_built=\u00bb1&#8243; _builder_version=\u00bb4.25.1&#8243; _module_preset=\u00bbdefault\u00bb background_enable_color=\u00bboff\u00bb use_background_color_gradient=\u00bbon\u00bb background_color_gradient_repeat=\u00bbon\u00bb background_color_gradient_direction=\u00bb286deg\u00bb background_color_gradient_stops=\u00bb#efefef 0%|#e5e5e5 100%\u00bb background_image=\u00bbhttps:\/\/castlemx.dd.catchdrive.dev\/wp-content\/uploads\/2024\/06\/castle-03.png\u00bb background_blend=\u00bbscreen\u00bb global_colors_info=\u00bb{}\u00bb][et_pb_row column_structure=\u00bb1_3,1_3,1_3&#8243; make_equal=\u00bbon\u00bb _builder_version=\u00bb4.25.1&#8243; _module_preset=\u00bbdefault\u00bb global_colors_info=\u00bb{}\u00bb][et_pb_column type=\u00bb1_3&#8243; _builder_version=\u00bb4.25.1&#8243; _module_preset=\u00bbdefault\u00bb global_colors_info=\u00bb{}\u00bb][et_pb_blurb title=\u00bbALUMINIO\u00bb image=\u00bbhttps:\/\/castlemx.dd.catchdrive.dev\/wp-content\/uploads\/2024\/06\/site-manager-and-architect-checking-blueprint-on-c-2024-06-06-00-32-16-utc-scaled.jpg\u00bb _builder_version=\u00bb4.25.1&#8243; _module_preset=\u00bbdefault\u00bb header_font=\u00bb|700|||||||\u00bb header_text_align=\u00bbcenter\u00bb global_colors_info=\u00bb{}\u00bb]<\/p>\n<p>Castle Metals M\u00e9xico es un destacado distribuidor de metales que ofrece una amplia gama de productos de aluminio, incluyendo barras, placas, l\u00e1minas y extrusiones. Su compromiso con la calidad y la innovaci\u00f3n les ha permitido servir a diversas industrias, desde la automotriz hasta la construcci\u00f3n y m\u00e1s all\u00e1. El aluminio, conocido por su ligereza y resistencia, es procesado con precisi\u00f3n para cumplir con las especificaciones exactas de cada cliente. Castle Metals M\u00e9xico no solo proporciona materiales de alta calidad, sino que tambi\u00e9n asegura un suministro constante y soluciones personalizadas para satisfacer las necesidades \u00fanicas de cada proyecto.<\/p>\n<p>[\/et_pb_blurb][\/et_pb_column][et_pb_column type=\u00bb1_3&#8243; _builder_version=\u00bb4.25.1&#8243; _module_preset=\u00bbdefault\u00bb global_colors_info=\u00bb{}\u00bb][et_pb_blurb title=\u00bbALEACI\u00d3N DE NIQUEL\u00bb image=\u00bbhttps:\/\/castlemx.dd.catchdrive.dev\/wp-content\/uploads\/2024\/06\/close-up-metal-pipes-arranged-parallel-2023-11-27-04-50-00-utc-scaled.jpg\u00bb _builder_version=\u00bb4.25.1&#8243; _module_preset=\u00bbdefault\u00bb header_font=\u00bb|700|||||||\u00bb header_text_align=\u00bbcenter\u00bb global_colors_info=\u00bb{}\u00bb]<\/p>\n<p>Castle Metals M\u00e9xico ofrece una variedad de aleaciones de n\u00edquel, incluyendo Nickel 718, Nickel 625 y Nickel K500, disponibles en formatos de l\u00e1mina, barra, placa y extrusiones. Estas aleaciones son altamente valoradas por su resistencia a la corrosi\u00f3n y a altas temperaturas, lo que las hace ideales para aplicaciones cr\u00edticas en industrias como la aeroespacial, petroqu\u00edmica y de energ\u00eda. Castle Metals M\u00e9xico se dedica a proporcionar productos de n\u00edquel de alta calidad, asegurando que cada l\u00e1mina, barra, placa y extrusi\u00f3n cumpla con los est\u00e1ndares m\u00e1s exigentes para satisfacer las necesidades espec\u00edficas de sus clientes.<\/p>\n<p>[\/et_pb_blurb][\/et_pb_column][et_pb_column type=\u00bb1_3&#8243; _builder_version=\u00bb4.25.1&#8243; _module_preset=\u00bbdefault\u00bb global_colors_info=\u00bb{}\u00bb][et_pb_blurb title=\u00bbTITANIO\u00bb image=\u00bbhttps:\/\/castlemx.dd.catchdrive.dev\/wp-content\/uploads\/2024\/06\/turbine-blades-jet-engine-aircraft-2023-11-27-05-27-30-utc-scaled.jpg\u00bb _builder_version=\u00bb4.25.1&#8243; _module_preset=\u00bbdefault\u00bb header_font=\u00bb|700|||||||\u00bb header_text_align=\u00bbcenter\u00bb global_colors_info=\u00bb{}\u00bb]<\/p>\n<p>Castle Metals M\u00e9xico se distingue por ofrecer una selecci\u00f3n de placas de titanio, incluyendo Titanium 6Al-4V (Titanium 6Al 4V), Titanium Grade 2 (Titanium Gr 2), Titanium Grade 3 (Titanium Gr 3) y Titanium Grade 4 (Titanium Gr 4). Estas aleaciones de titanio son reconocidas por su excepcional relaci\u00f3n resistencia-peso y resistencia a la corrosi\u00f3n, haci\u00e9ndolas ideales para aplicaciones en la industria aeroespacial, m\u00e9dica y marina. Castle Metals M\u00e9xico se compromete a proveer placas de titanio de alta calidad, asegurando que cada producto cumpla con los requisitos espec\u00edficos de sus clientes y con los m\u00e1s altos est\u00e1ndares de la industria.<\/p>\n<p>[\/et_pb_blurb][\/et_pb_column][\/et_pb_row][\/et_pb_section][et_pb_section fb_built=\u00bb1&#8243; _builder_version=\u00bb4.25.1&#8243; _module_preset=\u00bbdefault\u00bb background_enable_color=\u00bboff\u00bb use_background_color_gradient=\u00bbon\u00bb background_color_gradient_repeat=\u00bbon\u00bb background_color_gradient_direction=\u00bb286deg\u00bb background_color_gradient_stops=\u00bb#0057b8 0%|#005ba5 100%\u00bb background_enable_image=\u00bboff\u00bb background_enable_pattern_style=\u00bbon\u00bb background_pattern_style=\u00bbdiagonal-stripes-2&#8243; background_pattern_color=\u00bbrgba(255,255,255,0.05)\u00bb global_colors_info=\u00bb{}\u00bb][et_pb_row make_equal=\u00bbon\u00bb _builder_version=\u00bb4.25.1&#8243; _module_preset=\u00bbdefault\u00bb custom_padding=\u00bb0px|||||\u00bb global_colors_info=\u00bb{}\u00bb][et_pb_column type=\u00bb4_4&#8243; _builder_version=\u00bb4.25.1&#8243; _module_preset=\u00bbdefault\u00bb global_colors_info=\u00bb{}\u00bb][et_pb_heading title=\u00bbALUMINIO TARIFAS INTERNCIONALES\u00bb _builder_version=\u00bb4.25.1&#8243; _module_preset=\u00bbdefault\u00bb title_font=\u00bbAbel|700||on|||||\u00bb title_text_align=\u00bbcenter\u00bb title_text_color=\u00bb#FFFFFF\u00bb title_font_size=\u00bb3rem\u00bb title_text_shadow_style=\u00bbpreset2&#8243; locked=\u00bboff\u00bb global_colors_info=\u00bb{}\u00bb][\/et_pb_heading][\/et_pb_column][\/et_pb_row][et_pb_row column_structure=\u00bb1_3,1_3,1_3&#8243; make_equal=\u00bbon\u00bb _builder_version=\u00bb4.25.1&#8243; _module_preset=\u00bbdefault\u00bb custom_padding=\u00bb0px|||||\u00bb global_colors_info=\u00bb{}\u00bb][et_pb_column type=\u00bb1_3&#8243; _builder_version=\u00bb4.25.1&#8243; _module_preset=\u00bbdefault\u00bb global_colors_info=\u00bb{}\u00bb][et_pb_blurb title=\u00bbARANCELES\u00bb image=\u00bbhttps:\/\/castlemx.dd.catchdrive.dev\/wp-content\/uploads\/2024\/06\/extreme-close-up-picture-of-mexican-peso-2023-11-27-05-04-54-utc-scaled.jpg\u00bb _builder_version=\u00bb4.25.1&#8243; _module_preset=\u00bbdefault\u00bb header_font=\u00bb|700|||||||\u00bb header_text_align=\u00bbcenter\u00bb background_layout=\u00bbdark\u00bb global_colors_info=\u00bb{}\u00bb]<\/p>\n<p>Es importante destacar c\u00f3mo los aranceles afectan los precios y la competitividad de los productos de aluminio en M\u00e9xico. Por ejemplo, las l\u00e1minas de aluminio 2024 T3 y 3003, as\u00ed como las barras de aluminio 6061, se han visto impactadas en mercados como Coahuila, Monterrey, Quer\u00e9taro y Tijuana. La imposici\u00f3n de estos aranceles incrementa los costos de importaci\u00f3n, lo que a su vez eleva el precio del aluminio en estos estados, afectando a proveedores y consumidores por igual.<\/p>\n<p>[\/et_pb_blurb][\/et_pb_column][et_pb_column type=\u00bb1_3&#8243; _builder_version=\u00bb4.25.1&#8243; _module_preset=\u00bbdefault\u00bb global_colors_info=\u00bb{}\u00bb][et_pb_blurb title=\u00bbPRODUCTOS DE ALUMINIO\u00bb image=\u00bbhttps:\/\/castlemx.dd.catchdrive.dev\/wp-content\/uploads\/2024\/06\/aluminum-pipes-manufactured-in-a-sheet-metal-facto-2023-11-27-05-10-30-utc-scaled.jpg\u00bb _builder_version=\u00bb4.25.1&#8243; _module_preset=\u00bbdefault\u00bb header_font=\u00bb|700|||||||\u00bb header_text_align=\u00bbcenter\u00bb background_layout=\u00bbdark\u00bb global_colors_info=\u00bb{}\u00bb]<\/p>\n<p>Castle Metals M\u00e9xico, reconocido por ser distribuidor global de productos de aluminio como bobinas y extrusiones, desempe\u00f1a un papel importante en el suministro de estos materiales. Al operar directamente en regiones estrat\u00e9gicas como Quer\u00e9taro y Monterrey, pueden ofrecer precios m\u00e1s estables a pesar de las fluctuaciones internacionales causadas por los aranceles. Esta capacidad para ofrecer precios competitivos es esencial para mantener la competitividad de las industrias que dependen del aluminio, desde la automotriz hasta la de construcci\u00f3n.<\/p>\n<p>[\/et_pb_blurb][\/et_pb_column][et_pb_column type=\u00bb1_3&#8243; _builder_version=\u00bb4.25.1&#8243; _module_preset=\u00bbdefault\u00bb global_colors_info=\u00bb{}\u00bb][et_pb_blurb title=\u00bbTITANIO\u00bb image=\u00bbhttps:\/\/castlemx.dd.catchdrive.dev\/wp-content\/uploads\/2024\/06\/flags-from-around-the-world-surrounded-by-office-b-2023-11-27-05-35-20-utc-scaled.jpeg\u00bb _builder_version=\u00bb4.25.1&#8243; _module_preset=\u00bbdefault\u00bb header_font=\u00bb|700|||||||\u00bb header_text_align=\u00bbcenter\u00bb background_layout=\u00bbdark\u00bb global_colors_info=\u00bb{}\u00bb]<\/p>\n<p>Castle Metals M\u00e9xico se distingue por ofrecer una selecci\u00f3n de placas de titanio, incluyendo Titanium 6Al-4V (Titanium 6Al 4V), Titanium Grade 2 (Titanium Gr 2), Titanium Grade 3 (Titanium Gr 3) y Titanium Grade 4 (Titanium Gr 4). Estas aleaciones de titanio son reconocidas por su excepcional relaci\u00f3n resistencia-peso y resistencia a la corrosi\u00f3n, haci\u00e9ndolas ideales para aplicaciones en la industria aeroespacial, m\u00e9dica y marina. Castle Metals M\u00e9xico se compromete a proveer placas de titanio de alta calidad, asegurando que cada producto cumpla con los requisitos espec\u00edficos de sus clientes y con los m\u00e1s altos est\u00e1ndares de la industria.<\/p>\n<p>[\/et_pb_blurb][\/et_pb_column][\/et_pb_row][\/et_pb_section]<\/p>\n","protected":false},"excerpt":{"rendered":"<p>Descubre un mejor abastecimiento de aluminio con Castle Metals de M\u00e9xicoSomos un distribuidor y centro de servicio de metales con alcance global y presencia en M\u00e9xico, con plantas estrat\u00e9gicas en Monterrey, Quer\u00e9taro, Mexicali y Chihuahua. Trabajamos estrechamente con molinos americanos de renombre como Kaiser, Arconic y Constellium, con los que ofrecemos una amplia variedad de [&hellip;]<\/p>\n","protected":false},"author":2,"featured_media":0,"parent":0,"menu_order":0,"comment_status":"closed","ping_status":"closed","template":"","meta":{"_et_pb_use_builder":"on","_et_pb_old_content":"","_et_gb_content_width":"","footnotes":""},"class_list":["post-24","page","type-page","status-publish","hentry"],"_links":{"self":[{"href":"https:\/\/castlemx.dd.catchdrive.dev\/index.php\/wp-json\/wp\/v2\/pages\/24","targetHints":{"allow":["GET"]}}],"collection":[{"href":"https:\/\/castlemx.dd.catchdrive.dev\/index.php\/wp-json\/wp\/v2\/pages"}],"about":[{"href":"https:\/\/castlemx.dd.catchdrive.dev\/index.php\/wp-json\/wp\/v2\/types\/page"}],"author":[{"embeddable":true,"href":"https:\/\/castlemx.dd.catchdrive.dev\/index.php\/wp-json\/wp\/v2\/users\/2"}],"replies":[{"embeddable":true,"href":"https:\/\/castlemx.dd.catchdrive.dev\/index.php\/wp-json\/wp\/v2\/comments?post=24"}],"version-history":[{"count":20,"href":"https:\/\/castlemx.dd.catchdrive.dev\/index.php\/wp-json\/wp\/v2\/pages\/24\/revisions"}],"predecessor-version":[{"id":156,"href":"https:\/\/castlemx.dd.catchdrive.dev\/index.php\/wp-json\/wp\/v2\/pages\/24\/revisions\/156"}],"wp:attachment":[{"href":"https:\/\/castlemx.dd.catchdrive.dev\/index.php\/wp-json\/wp\/v2\/media?parent=24"}],"curies":[{"name":"wp","href":"https:\/\/api.w.org\/{rel}","templated":true}]}}